{"id":1219,"date":"2023-09-19T20:26:02","date_gmt":"2023-09-19T20:26:02","guid":{"rendered":"https:\/\/alb-cng.com\/?page_id=1219"},"modified":"2023-10-03T19:05:00","modified_gmt":"2023-10-03T19:05:00","slug":"terms-conditions","status":"publish","type":"page","link":"https:\/\/alb-cng.com\/sq\/terms-conditions\/","title":{"rendered":"Termat dhe Kushtet"},"content":{"rendered":"<div data-elementor-type=\"wp-page\" data-elementor-id=\"1219\" class=\"elementor elementor-1219\" data-elementor-post-type=\"page\">\n\t\t\t\t\t\t<section class=\"elementor-section elementor-top-section elementor-element elementor-element-166eefda ct-section-stretched elementor-section-boxed elementor-section-height-default elementor-section-height-default\" data-id=\"166eefda\" data-element_type=\"section\" data-e-type=\"section\" data-settings=\"{&quot;background_background&quot;:&quot;classic&quot;}\">\n\t\t\t\t\t\t\t<div class=\"elementor-background-overlay\"><\/div>\n\t\t\t\t\t\t\t<div class=\"elementor-container elementor-column-gap-default\">\n\t\t\t\t\t<div class=\"elementor-column elementor-col-50 elementor-top-column elementor-element elementor-element-314d1d\" data-id=\"314d1d\" data-element_type=\"column\" data-e-type=\"column\">\n\t\t\t<div class=\"elementor-widget-wrap elementor-element-populated\">\n\t\t\t\t\t\t<div class=\"elementor-element elementor-element-2de97390 elementor-widget elementor-widget-heading\" data-id=\"2de97390\" data-element_type=\"widget\" data-e-type=\"widget\" data-widget_type=\"heading.default\">\n\t\t\t\t<div class=\"elementor-widget-container\">\n\t\t\t\t\t<h2 class=\"elementor-heading-title elementor-size-default\">Politika e Privat\u00ebsis\u00eb p\u00ebr ALB-CNG<\/h2>\t\t\t\t<\/div>\n\t\t\t\t<\/div>\n\t\t\t\t\t<\/div>\n\t\t<\/div>\n\t\t\t\t<div class=\"elementor-column elementor-col-50 elementor-top-column elementor-element elementor-element-514ff558 elementor-hidden-tablet elementor-hidden-phone\" data-id=\"514ff558\" data-element_type=\"column\" data-e-type=\"column\">\n\t\t\t<div class=\"elementor-widget-wrap\">\n\t\t\t\t\t\t\t<\/div>\n\t\t<\/div>\n\t\t\t\t\t<\/div>\n\t\t<\/section>\n\t\t\t\t<section class=\"elementor-section elementor-top-section elementor-element elementor-element-50159123 elementor-section-boxed elementor-section-height-default elementor-section-height-default\" data-id=\"50159123\" data-element_type=\"section\" data-e-type=\"section\">\n\t\t\t\t\t\t<div class=\"elementor-container elementor-column-gap-no\">\n\t\t\t\t\t<div class=\"elementor-column elementor-col-100 elementor-top-column elementor-element elementor-element-1e78ea7d\" data-id=\"1e78ea7d\" data-element_type=\"column\" data-e-type=\"column\">\n\t\t\t<div class=\"elementor-widget-wrap elementor-element-populated\">\n\t\t\t\t\t\t<div class=\"elementor-element elementor-element-59ca2d24 elementor-widget elementor-widget-spacer\" data-id=\"59ca2d24\" data-element_type=\"widget\" data-e-type=\"widget\" data-widget_type=\"spacer.default\">\n\t\t\t\t<div class=\"elementor-widget-container\">\n\t\t\t\t\t\t\t<div class=\"elementor-spacer\">\n\t\t\t<div class=\"elementor-spacer-inner\"><\/div>\n\t\t<\/div>\n\t\t\t\t\t\t<\/div>\n\t\t\t\t<\/div>\n\t\t\t\t<div class=\"elementor-element elementor-element-b8a53f9 elementor-widget elementor-widget-text-editor\" data-id=\"b8a53f9\" data-element_type=\"widget\" data-e-type=\"widget\" data-widget_type=\"text-editor.default\">\n\t\t\t\t<div class=\"elementor-widget-container\">\n\t\t\t\t\t\t\t\t\t<h1>Termat dhe Kushtet p\u00ebr ALB-CNG<\/h1><h2>Hyrja<\/h2><p>Kjo marr\u00ebveshje zhvillohet nd\u00ebrmjet jush, p\u00ebrdoruesit t\u00eb Faqes s\u00eb Uebit dhe ALB-CNG, pronar\u00ebve t\u00eb Faqes s\u00eb Uebit https:\/\/alb-cng.com\/.<\/p><p class=\"translation-block\">Ju duhet t\u00eb pranoni t\u2019iu bindeni termave dhe kushteve her\u00ebn e par\u00eb q\u00eb p\u00ebrdorni Faqen e Uebit. N\u00ebse nuk d\u00ebshironi t\u2019iu bindeni termave dhe kushteve, at\u00ebher\u00eb nuk duhet t\u00eb p\u00ebrdorni m\u00eb tej faqen.<\/p><p>K\u00ebto Terma dhe Kushte jan\u00eb krijuar me ndihm\u00ebn e Gjeneruesit t\u00eb mostrave t\u00eb Termave dhe Kushteve.\nT\u00eb miturit ose personat n\u00ebn 18 vje\u00e7 nuk lejohen t\u00eb p\u00ebrdorin k\u00ebt\u00eb faqe interneti.<\/p><h2>Pron\u00ebsia Intelektuale<\/h2><p>E gjith\u00eb p\u00ebrmbajtja n\u00eb Faqen e Uebit, p\u00ebrvecse kur shtohet nga p\u00ebrdoruesit, jan\u00eb pron\u00eb e ALB-CNG. N\u00ebse p\u00ebrdorni k\u00ebt\u00eb Faqe Uebi, jeni duke pranuar q\u00eb k\u00ebto materiale mbrohen nga ligjet nacionale dhe internacionale mbi pron\u00ebn intelektuale.<\/p><p>Juve ju jepet licenc\u00eb e kufizuar vet\u00ebm p\u00ebr q\u00ebllime t\u00eb shikimit t\u00eb materialit q\u00eb gjendet n\u00eb k\u00ebt\u00eb faqe interneti.<\/p><h2>P\u00ebrkufizimet<\/h2><p>Ju jeni t\u00eb kufizuar n\u00eb m\u00ebnyr\u00eb specifike nga t\u00eb gjitha sa vijon:<\/p><ul><li>publikimi i \u00e7do materiali nga faqja jone e internetit n\u00eb \u00e7do media tjet\u00ebr;<\/li><li>shitjen, n\u00ebnlicensimin dhe\/ose komercializimin e \u00e7do materiali t\u00eb faqes n\u00eb internet;<\/li><li>kryerja publike dhe\/ose shfaqja e ndonj\u00eb materiali t\u00eb faqes n\u00eb internet;<\/li><li>Perdorimi k\u00ebsaj faqe interneti n\u00eb \u00e7do m\u00ebnyr\u00eb q\u00eb \u00ebsht\u00eb ose mund t\u00eb jet\u00eb e d\u00ebmshme p\u00ebr k\u00ebt\u00eb faqe interneti;<\/li><li>Perdorimi k\u00ebsaj faqe interneti n\u00eb \u00e7do m\u00ebnyr\u00eb q\u00eb ndikon n\u00eb aksesin e p\u00ebrdoruesit n\u00eb k\u00ebt\u00eb faqe interneti;<\/li><li>p\u00ebrdorimi i k\u00ebsaj faqe interneti n\u00eb kund\u00ebrshtim me ligjet dhe rregulloret n\u00eb fuqi, ose n\u00eb \u00e7far\u00ebdo m\u00ebnyre tjeter qe mund t\u00eb shkaktoj\u00eb d\u00ebm n\u00eb faqen e internetit, ose p\u00ebr \u00e7do person ose subjekt biznesi;<\/li><li>p\u00ebrfshirja n\u00eb \u00e7do analize intelektuale t\u00eb t\u00eb dh\u00ebnave, mbledhjen e t\u00eb dh\u00ebnave, nxjerrjen e t\u00eb dh\u00ebnave ose ndonj\u00eb aktivitet tjet\u00ebr t\u00eb ngjash\u00ebm n\u00eb lidhje me k\u00ebt\u00eb faqe interneti;<\/li><li>p\u00ebrdorimi k\u00ebsaj faqe interneti p\u00ebr t'u p\u00ebrfshir\u00eb n\u00eb \u00e7do reklam\u00eb ose marketing.<\/li><\/ul><p>Disa zona t\u00eb k\u00ebsaj faqeje interneti jan\u00eb t\u00eb kufizuara nga qasja nga ju dhe ALB-CNG mund t\u00eb kufizoj\u00eb m\u00eb tej aksesin nga ju n\u00eb \u00e7do zon\u00eb t\u00eb k\u00ebsaj faqeje interneti, n\u00eb \u00e7do koh\u00eb, sipas gjykimit t\u00eb saj. \u00c7do ID e p\u00ebrdoruesit dhe fjal\u00ebkalimi q\u00eb mund t\u00eb keni p\u00ebr k\u00ebt\u00eb faqe interneti jan\u00eb konfidenciale dhe ju gjithashtu duhet t\u00eb ruani konfidencialitetin.<\/p><h2>P\u00ebrmbajtja juaj<\/h2><p>N\u00eb k\u00ebto Terma dhe Kushte standarde t\u00eb faqes s\u00eb internetit, \"P\u00ebrmbajtja juaj\" do t\u00eb n\u00ebnkuptoj\u00eb \u00e7do audio, video, imazhe ose material tjet\u00ebr q\u00eb ju zgjidhni t\u00eb shfaqni n\u00eb k\u00ebt\u00eb faqe interneti. Duke shfaqur P\u00ebrmbajtjen Tuaj, ju i jepni ALB-CNG nj\u00eb licenc\u00eb joekskluzive, t\u00eb pakthyeshme n\u00eb mbar\u00eb bot\u00ebn, t\u00eb n\u00ebnlicensueshme p\u00ebr p\u00ebrdorimin, riprodhimin, p\u00ebrshtatjen, botimin, p\u00ebrkthimin dhe shp\u00ebrndarjen e saj n\u00eb t\u00eb gjitha mediat.<\/p><p>P\u00ebrmbajtja juaj duhet t\u00eb jet\u00eb e juaja dhe nuk duhet t\u00eb cenoj\u00eb t\u00eb drejtat e ndonj\u00eb pale t\u00eb tret\u00eb. ALB-CNG rezervon t\u00eb drejt\u00ebn t\u00eb heq\u00eb \u00e7do p\u00ebrmbajtje Tuaj nga kjo faqe interneti n\u00eb \u00e7do koh\u00eb pa paralajm\u00ebrim.<\/p><h2>Mohimet<\/h2><p>Sh\u00ebrbimi sigurohet \u201csic \u00ebsht\u00eb\u201d dhe n\u00eb baz\u00eb t\u00eb disponueshm\u00ebris\u00eb. Nuk japim garanci q\u00eb Sh\u00ebrbimi nuk do t\u00eb ket\u00eb difekte apo t\u00eb meta. Nuk japim garanci (t\u00eb shprehur apo t\u00eb n\u00ebnkuptuar) q\u00eb ky Sh\u00ebrbim do t\u00eb jet\u00eb i p\u00ebrshtatsh\u00ebm p\u00ebr veprime t\u00eb caktuara, q\u00eb do t\u00eb ket\u00eb informacion t\u00eb sakt\u00eb e q\u00eb do t\u00eb ket\u00eb cil\u00ebsi t\u00eb k\u00ebnaq\u00ebshme.\nALB-CNG nuk garanton apo deklaron q\u00eb Faqja e Uebit do t\u00eb p\u00ebrmbush\u00eb k\u00ebrkesat tuaja, q\u00eb do t\u00eb ket\u00eb nj\u00eb cil\u00ebsi t\u00eb k\u00ebnaqshme, q\u00eb do t\u00eb mundet t\u2019i sh\u00ebrbej\u00eb nj\u00eb q\u00ebllimi t\u00eb caktuar, q\u00eb nuk do t\u00eb d\u00ebmtoj\u00eb t\u00eb drejtat e nj\u00eb pale t\u00eb tret\u00eb, q\u00eb do t\u00eb mund t\u2019iu p\u00ebrshtatet t\u00eb gjitha sistemeve, q\u00eb do t\u00eb jet\u00eb e sigurt\u00eb dhe q\u00eb i gjith\u00eb informacioni i p\u00ebrfshir\u00eb do t\u00eb jet\u00eb i sakt\u00eb. Nuk garantojm\u00eb ndonj\u00eb rezultat specifik nga p\u00ebrdorimi i k\u00ebtij sh\u00ebrbimi. \nAs nj\u00eb pjes\u00eb e k\u00ebsaj Faqeje Uebi nuk \u00ebsht\u00eb parashikuar t\u00eb p\u00ebrdoret p\u00ebr t\u00eb dh\u00ebn\u00eb k\u00ebshilla dhe nuk duhet t\u00eb mb\u00ebshteteni tek ajo kur merrni vendime apo kryeni vemprime t\u00eb cfar\u00ebdolloj natyre.<\/p><h2>Kufizimi i Detyrimeve<\/h2><p>N\u00eb asnj\u00eb rast ALB-CNG nuk pranon as nj\u00eb p\u00ebrgjegjsi p\u00ebr cfar\u00ebdolloj humbjeje apo d\u00ebmi t\u00eb drejtp\u00ebrdrejt\u00eb ose jo, t\u00eb parashikuesh\u00ebm ose jo, duke p\u00ebrfshir\u00eb d\u00ebmet jo t\u00eb drejtp\u00ebrdrejta, t\u00eb vecanta, ekzemplare apo q\u00eb vijn\u00eb si pasoj\u00eb e p\u00ebrdorimit t\u00eb Faqes s\u00eb Uebit apo i ndonj\u00eb informacioni t\u00eb p\u00ebrfshir\u00eb aty. P\u00ebrdoruesit duhet t\u00eb jen\u00eb t\u00eb vet\u00ebdijsh\u00ebm p\u00ebr rrezikun q\u00eb po pranojn\u00eb kur p\u00ebrdorin Faqen dhe p\u00ebrmbajtjen e saj.<\/p><h2>D\u00ebmshp\u00ebrblimi<\/h2><p>Ju zhd\u00ebmtoni n\u00eb mas\u00ebn maksimale ALB-CNG nga dhe kund\u00ebr \u00e7do dhe\/ose t\u00eb gjitha detyrimet, kostot, k\u00ebrkesat, shkaqet e veprimeve, d\u00ebmet dhe shpenzimet q\u00eb lindin n\u00eb \u00e7far\u00ebdo m\u00ebnyre n\u00eb lidhje me shkeljen nga ana juaj t\u00eb ndonj\u00eb prej dispozitave t\u00eb k\u00ebtyre Kushteve.<\/p><h2>Ndarshm\u00ebria<\/h2><p>N\u00ebse ndonj\u00eb dispozit\u00eb e k\u00ebtyre Kushteve rezulton t\u00eb jet\u00eb e pavlefshme sipas ndonj\u00eb ligji n\u00eb fuqi, k\u00ebto dispozita do t\u00eb fshihen pa ndikuar n\u00eb dispozitat e mbetura k\u00ebtu.<\/p><h2>Ndryshimi i kushteve<\/h2><p>ALB-CNG zoteron te drejten t'i rishikoj\u00eb k\u00ebto Kushte n\u00eb \u00e7do koh\u00eb si\u00e7 e sheh t\u00eb arsyeshme dhe duke p\u00ebrdorur k\u00ebt\u00eb faqe interneti, ju pritet t'i rishikoni rregullisht k\u00ebto Kushte.<\/p><h2>Q\u00ebllimi<\/h2><p>ALB-CNG lejohet t\u00eb kaloj\u00eb, transferoj\u00eb dhe n\u00ebnkontraktoj\u00eb t\u00eb drejtat dhe\/ose detyrimet e saj sipas k\u00ebtyre Kushteve pa asnj\u00eb njoftim. Megjithat\u00eb, nuk ju lejohet t\u00eb caktoni, transferoni ose n\u00ebnkontraktoni ndonj\u00eb nga t\u00eb drejtat dhe\/ose detyrimet tuaja sipas k\u00ebtyre Kushteve.<\/p><h2>Marr\u00ebveshja e plot\u00eb<\/h2><p>K\u00ebto Kushte p\u00ebrb\u00ebjn\u00eb t\u00eb gjith\u00eb marr\u00ebveshjen midis jush dhe ALB-CNG n\u00eb lidhje me p\u00ebrdorimin tuaj t\u00eb k\u00ebsaj faqeje interneti dhe z\u00ebvend\u00ebsojn\u00eb t\u00eb gjitha marr\u00ebveshjet dhe mir\u00ebkuptimet e m\u00ebparshme.<\/p><h2>Ligji dhe Juridiskioni<\/h2><p>K\u00ebto terma dhe kushte do t\u00eb vendosen dhe interpretohen n\u00eb p\u00ebrputhje dhe n\u00eb baz\u00eb t\u00eb Ligjit Shqiptar dhe ju pranoni t\u2019i bindeni ketij juridiksionit joekskluziv t\u00eb gjykatave shtet\u00ebrore t\u00eb vendosura n\u00eb Shqiperi p\u00ebr zgjidhjen e \u00e7do mosmarr\u00ebveshjeje.<\/p>\t\t\t\t\t\t\t\t<\/div>\n\t\t\t\t<\/div>\n\t\t\t\t\t<\/div>\n\t\t<\/div>\n\t\t\t\t\t<\/div>\n\t\t<\/section>\n\t\t\t\t<section class=\"elementor-section elementor-top-section elementor-element elementor-element-4f75e409 elementor-section-boxed elementor-section-height-default elementor-section-height-default\" data-id=\"4f75e409\" data-element_type=\"section\" data-e-type=\"section\">\n\t\t\t\t\t\t<div class=\"elementor-container elementor-column-gap-no\">\n\t\t\t\t\t<div class=\"elementor-column elementor-col-100 elementor-top-column elementor-element elementor-element-a42c723\" data-id=\"a42c723\" data-element_type=\"column\" data-e-type=\"column\">\n\t\t\t<div class=\"elementor-widget-wrap elementor-element-populated\">\n\t\t\t\t\t\t<div class=\"elementor-element elementor-element-2be0335e elementor-widget elementor-widget-spacer\" data-id=\"2be0335e\" data-element_type=\"widget\" data-e-type=\"widget\" data-widget_type=\"spacer.default\">\n\t\t\t\t<div class=\"elementor-widget-container\">\n\t\t\t\t\t\t\t<div class=\"elementor-spacer\">\n\t\t\t<div class=\"elementor-spacer-inner\"><\/div>\n\t\t<\/div>\n\t\t\t\t\t\t<\/div>\n\t\t\t\t<\/div>\n\t\t\t\t\t<\/div>\n\t\t<\/div>\n\t\t\t\t\t<\/div>\n\t\t<\/section>\n\t\t\t\t<\/div>","protected":false},"excerpt":{"rendered":"<p>Privacy Policy for ALB-CNG Terms and Conditions for ALB-CNG Introduction These Website Standard Terms and Conditions written on this webpage shall manage your use of our website, alb-cng.com accessible at https:\/\/alb-cng.com\/. These Terms will be applied fully and affect to your use of this Website. By using this Website, you agreed to accept all terms [&hellip;]<\/p>\n","protected":false},"author":1,"featured_media":0,"parent":0,"menu_order":0,"comment_status":"closed","ping_status":"closed","template":"","meta":{"nf_dc_page":"","footnotes":""},"class_list":["post-1219","page","type-page","status-publish","hentry"],"blocksy_meta":{"page_title_panel":"","has_hero_section":"disabled","bc159c5af2a03de5c75561ba297140d8":"","hero_section":"type-1","hero_elements":[{"id":"custom_title","enabled":true,"heading_tag":"h1","title":"KREU"},{"id":"custom_description","enabled":true,"description_visibility":{"desktop":true,"tablet":true,"mobile":false}},{"id":"custom_meta","enabled":false,"meta_elements":[{"id":"author","enabled":true,"label":"By","has_author_avatar":"yes","avatar_size":25},{"id":"post_date","enabled":true,"label":"On","date_format_source":"default","date_format":"M j, Y"},{"id":"comments","enabled":true}],"page_meta_elements":{"joined":true,"articles_count":true,"comments":true}},{"id":"breadcrumbs","enabled":false}],"df3eb590217e0ce26e832da2c07e7ca6":"","hero_alignment1":"left","hero_alignment2":"center","hero_vertical_alignment":"center","19d24a625abe62e6d16b259439e9cba0":"","hero_structure":"narrow","a3dd00aea12a8c52bdc0775015a386ce":"","page_title_bg_type":"featured_image","custom_hero_background":{"attachment_id":null},"parallax":{"desktop":false,"tablet":false,"mobile":false},"007fc1b0d7d7ea0d9823538a36652bf9":"","hero_height":"250px","pageTitleFont":{"family":"Default","variation":"Default","size":{"desktop":"32px","tablet":"30px","mobile":"25px"},"line-height":"CT_CSS_SKIP_RULE","letter-spacing":"CT_CSS_SKIP_RULE","text-transform":"CT_CSS_SKIP_RULE","text-decoration":"CT_CSS_SKIP_RULE"},"pageTitleFontColor":{"default":{"color":"CT_CSS_SKIP_RULEDEFAULT"}},"pageMetaFont":{"family":"Default","variation":"n6","size":"12px","line-height":"1.3","letter-spacing":"CT_CSS_SKIP_RULE","text-transform":"uppercase","text-decoration":"CT_CSS_SKIP_RULE"},"pageMetaFontColor":{"default":{"color":"CT_CSS_SKIP_RULEDEFAULT"},"hover":{"color":"CT_CSS_SKIP_RULEDEFAULT"}},"pageExcerptFont":{"family":"Default","variation":"Default","size":"CT_CSS_SKIP_RULE","line-height":"CT_CSS_SKIP_RULE","letter-spacing":"CT_CSS_SKIP_RULE","text-transform":"CT_CSS_SKIP_RULE","text-decoration":"CT_CSS_SKIP_RULE"},"pageExcerptColor":{"default":{"color":"CT_CSS_SKIP_RULEDEFAULT"}},"breadcrumbsFont":{"family":"Default","variation":"n6","size":"12px","line-height":"CT_CSS_SKIP_RULE","letter-spacing":"CT_CSS_SKIP_RULE","text-transform":"uppercase","text-decoration":"CT_CSS_SKIP_RULE"},"breadcrumbsFontColor":{"default":{"color":"CT_CSS_SKIP_RULEDEFAULT"},"initial":{"color":"CT_CSS_SKIP_RULEDEFAULT"},"hover":{"color":"CT_CSS_SKIP_RULEDEFAULT"}},"pageTitleOverlay":{"default":{"color":"rgba(41, 51, 60, 0.2)"}},"pageTitleBackground":{"background_type":"color","background_pattern":"type-1","background_image":{"attachment_id":null,"x":0,"y":0},"background_repeat":"no-repeat","background_size":"auto","background_attachment":"scroll","patternColor":{"default":{"color":"#e5e7ea"}},"backgroundColor":{"default":{"color":"#EDEFF2"}}},"806cf646dc975203c3ef573b498d2a6c":"","page_structure_type":"default","content_style":"inherit","vertical_spacing_source":"custom","content_area_spacing":"none","background":{"background_type":"color","background_pattern":"type-1","background_image":{"attachment_id":null,"x":0,"y":0},"background_repeat":"no-repeat","background_size":"auto","background_attachment":"scroll","patternColor":{"default":{"color":"#e5e7ea"}},"backgroundColor":{"default":{"color":"CT_CSS_SKIP_RULE"}}},"content_background":{"background_type":"color","background_pattern":"type-1","background_image":{"attachment_id":null,"x":0,"y":0},"background_repeat":"no-repeat","background_size":"auto","background_attachment":"scroll","patternColor":{"default":{"color":"#e5e7ea"}},"backgroundColor":{"default":{"color":"#ffffff"}}},"content_boxed_spacing":{"desktop":"40px","tablet":"35px","mobile":"20px"},"content_boxed_radius":{"top":"3px","bottom":"3px","left":"3px","right":"3px","linked":true},"content_boxed_shadow":{"blur":18,"spread":-6,"v_offset":12,"h_offset":0,"inset":false,"enable":true,"color":{"color":"rgba(34, 56, 101, 0.04)"}},"19c6ff9349ac0932d7247f0e755658ea":"","disable_featured_image":"no","disable_header":"no","disable_footer":"no","styles_descriptor":{"styles":{"desktop":"","tablet":"","mobile":""},"google_fonts":[]}},"yoast_head":"<!-- This site is optimized with the Yoast SEO plugin v27.6 - https:\/\/yoast.com\/product\/yoast-seo-wordpress\/ -->\n<title>Terms &amp; Conditions | ALB CNG<\/title>\n<meta name=\"robots\" content=\"index, follow, max-snippet:-1, max-image-preview:large, max-video-preview:-1\" \/>\n<link rel=\"canonical\" href=\"https:\/\/alb-cng.com\/sq\/terms-conditions\/\" \/>\n<meta property=\"og:locale\" content=\"sq_AL\" \/>\n<meta property=\"og:type\" content=\"article\" \/>\n<meta property=\"og:title\" content=\"Terms &amp; Conditions | ALB CNG\" \/>\n<meta property=\"og:description\" content=\"Privacy Policy for ALB-CNG Terms and Conditions for ALB-CNG Introduction These Website Standard Terms and Conditions written on this webpage shall manage your use of our website, alb-cng.com accessible at https:\/\/alb-cng.com\/. These Terms will be applied fully and affect to your use of this Website. By using this Website, you agreed to accept all terms [&hellip;]\" \/>\n<meta property=\"og:url\" content=\"https:\/\/alb-cng.com\/sq\/terms-conditions\/\" \/>\n<meta property=\"og:site_name\" content=\"ALB CNG\" \/>\n<meta property=\"article:modified_time\" content=\"2023-10-03T19:05:00+00:00\" \/>\n<meta property=\"og:image\" content=\"https:\/\/alb-cng.com\/wp-content\/uploads\/2023\/09\/Asset-2.png\" \/>\n\t<meta property=\"og:image:width\" content=\"1053\" \/>\n\t<meta property=\"og:image:height\" content=\"348\" \/>\n\t<meta property=\"og:image:type\" content=\"image\/png\" \/>\n<meta name=\"twitter:card\" content=\"summary_large_image\" \/>\n<meta name=\"twitter:label1\" content=\"Est. reading time\" \/>\n\t<meta name=\"twitter:data1\" content=\"4 minuta\" \/>\n<script type=\"application\/ld+json\" class=\"yoast-schema-graph\">{\"@context\":\"https:\\\/\\\/schema.org\",\"@graph\":[{\"@type\":\"WebPage\",\"@id\":\"https:\\\/\\\/alb-cng.com\\\/terms-conditions\\\/\",\"url\":\"https:\\\/\\\/alb-cng.com\\\/terms-conditions\\\/\",\"name\":\"Terms &amp; Conditions | ALB CNG\",\"isPartOf\":{\"@id\":\"https:\\\/\\\/alb-cng.com\\\/#website\"},\"datePublished\":\"2023-09-19T20:26:02+00:00\",\"dateModified\":\"2023-10-03T19:05:00+00:00\",\"breadcrumb\":{\"@id\":\"https:\\\/\\\/alb-cng.com\\\/terms-conditions\\\/#breadcrumb\"},\"inLanguage\":\"sq\",\"potentialAction\":[{\"@type\":\"ReadAction\",\"target\":[\"https:\\\/\\\/alb-cng.com\\\/terms-conditions\\\/\"]}]},{\"@type\":\"BreadcrumbList\",\"@id\":\"https:\\\/\\\/alb-cng.com\\\/terms-conditions\\\/#breadcrumb\",\"itemListElement\":[{\"@type\":\"ListItem\",\"position\":1,\"name\":\"Home\",\"item\":\"https:\\\/\\\/alb-cng.com\\\/\"},{\"@type\":\"ListItem\",\"position\":2,\"name\":\"Terms &amp; Conditions\"}]},{\"@type\":\"WebSite\",\"@id\":\"https:\\\/\\\/alb-cng.com\\\/#website\",\"url\":\"https:\\\/\\\/alb-cng.com\\\/\",\"name\":\"ALB CNG\",\"description\":\"Pipeless Gas Solution\",\"publisher\":{\"@id\":\"https:\\\/\\\/alb-cng.com\\\/#organization\"},\"alternateName\":\"ALB CNG\",\"potentialAction\":[{\"@type\":\"SearchAction\",\"target\":{\"@type\":\"EntryPoint\",\"urlTemplate\":\"https:\\\/\\\/alb-cng.com\\\/?s={search_term_string}\"},\"query-input\":{\"@type\":\"PropertyValueSpecification\",\"valueRequired\":true,\"valueName\":\"search_term_string\"}}],\"inLanguage\":\"sq\"},{\"@type\":\"Organization\",\"@id\":\"https:\\\/\\\/alb-cng.com\\\/#organization\",\"name\":\"ALB CNG\",\"alternateName\":\"ALB CNG\",\"url\":\"https:\\\/\\\/alb-cng.com\\\/\",\"logo\":{\"@type\":\"ImageObject\",\"inLanguage\":\"sq\",\"@id\":\"https:\\\/\\\/alb-cng.com\\\/#\\\/schema\\\/logo\\\/image\\\/\",\"url\":\"https:\\\/\\\/alb-cng.com\\\/wp-content\\\/uploads\\\/2023\\\/09\\\/Asset-2.png\",\"contentUrl\":\"https:\\\/\\\/alb-cng.com\\\/wp-content\\\/uploads\\\/2023\\\/09\\\/Asset-2.png\",\"width\":1053,\"height\":348,\"caption\":\"ALB CNG\"},\"image\":{\"@id\":\"https:\\\/\\\/alb-cng.com\\\/#\\\/schema\\\/logo\\\/image\\\/\"}}]}<\/script>\n<!-- \/ Yoast SEO plugin. -->","yoast_head_json":{"title":"Terms &amp; Conditions | ALB CNG","robots":{"index":"index","follow":"follow","max-snippet":"max-snippet:-1","max-image-preview":"max-image-preview:large","max-video-preview":"max-video-preview:-1"},"canonical":"https:\/\/alb-cng.com\/sq\/terms-conditions\/","og_locale":"sq_AL","og_type":"article","og_title":"Terms &amp; Conditions | ALB CNG","og_description":"Privacy Policy for ALB-CNG Terms and Conditions for ALB-CNG Introduction These Website Standard Terms and Conditions written on this webpage shall manage your use of our website, alb-cng.com accessible at https:\/\/alb-cng.com\/. These Terms will be applied fully and affect to your use of this Website. By using this Website, you agreed to accept all terms [&hellip;]","og_url":"https:\/\/alb-cng.com\/sq\/terms-conditions\/","og_site_name":"ALB CNG","article_modified_time":"2023-10-03T19:05:00+00:00","og_image":[{"width":1053,"height":348,"url":"https:\/\/alb-cng.com\/wp-content\/uploads\/2023\/09\/Asset-2.png","type":"image\/png"}],"twitter_card":"summary_large_image","twitter_misc":{"Est. reading time":"4 minuta"},"schema":{"@context":"https:\/\/schema.org","@graph":[{"@type":"WebPage","@id":"https:\/\/alb-cng.com\/terms-conditions\/","url":"https:\/\/alb-cng.com\/terms-conditions\/","name":"Terms &amp; Conditions | ALB CNG","isPartOf":{"@id":"https:\/\/alb-cng.com\/#website"},"datePublished":"2023-09-19T20:26:02+00:00","dateModified":"2023-10-03T19:05:00+00:00","breadcrumb":{"@id":"https:\/\/alb-cng.com\/terms-conditions\/#breadcrumb"},"inLanguage":"sq","potentialAction":[{"@type":"ReadAction","target":["https:\/\/alb-cng.com\/terms-conditions\/"]}]},{"@type":"BreadcrumbList","@id":"https:\/\/alb-cng.com\/terms-conditions\/#breadcrumb","itemListElement":[{"@type":"ListItem","position":1,"name":"Home","item":"https:\/\/alb-cng.com\/"},{"@type":"ListItem","position":2,"name":"Terms &amp; Conditions"}]},{"@type":"WebSite","@id":"https:\/\/alb-cng.com\/#website","url":"https:\/\/alb-cng.com\/","name":"ALB CNG","description":"Pipeless Gas Solution","publisher":{"@id":"https:\/\/alb-cng.com\/#organization"},"alternateName":"ALB CNG","potentialAction":[{"@type":"SearchAction","target":{"@type":"EntryPoint","urlTemplate":"https:\/\/alb-cng.com\/?s={search_term_string}"},"query-input":{"@type":"PropertyValueSpecification","valueRequired":true,"valueName":"search_term_string"}}],"inLanguage":"sq"},{"@type":"Organization","@id":"https:\/\/alb-cng.com\/#organization","name":"ALB CNG","alternateName":"ALB CNG","url":"https:\/\/alb-cng.com\/","logo":{"@type":"ImageObject","inLanguage":"sq","@id":"https:\/\/alb-cng.com\/#\/schema\/logo\/image\/","url":"https:\/\/alb-cng.com\/wp-content\/uploads\/2023\/09\/Asset-2.png","contentUrl":"https:\/\/alb-cng.com\/wp-content\/uploads\/2023\/09\/Asset-2.png","width":1053,"height":348,"caption":"ALB CNG"},"image":{"@id":"https:\/\/alb-cng.com\/#\/schema\/logo\/image\/"}}]}},"_links":{"self":[{"href":"https:\/\/alb-cng.com\/sq\/wp-json\/wp\/v2\/pages\/1219","targetHints":{"allow":["GET"]}}],"collection":[{"href":"https:\/\/alb-cng.com\/sq\/wp-json\/wp\/v2\/pages"}],"about":[{"href":"https:\/\/alb-cng.com\/sq\/wp-json\/wp\/v2\/types\/page"}],"author":[{"embeddable":true,"href":"https:\/\/alb-cng.com\/sq\/wp-json\/wp\/v2\/users\/1"}],"replies":[{"embeddable":true,"href":"https:\/\/alb-cng.com\/sq\/wp-json\/wp\/v2\/comments?post=1219"}],"version-history":[{"count":0,"href":"https:\/\/alb-cng.com\/sq\/wp-json\/wp\/v2\/pages\/1219\/revisions"}],"wp:attachment":[{"href":"https:\/\/alb-cng.com\/sq\/wp-json\/wp\/v2\/media?parent=1219"}],"curies":[{"name":"wp","href":"https:\/\/api.w.org\/{rel}","templated":true}]}}